{"id":502,"date":"2016-09-22T15:21:28","date_gmt":"2016-09-22T07:21:28","guid":{"rendered":"http:\/\/www.ppukm.ukm.my\/surgeri\/?page_id=502"},"modified":"2025-11-19T17:23:18","modified_gmt":"2025-11-19T17:23:18","slug":"hubungi-kami","status":"publish","type":"page","link":"https:\/\/hctm.ukm.my\/surgeri\/hubungi-kami\/","title":{"rendered":"Maklumat Berhubung"},"content":{"rendered":"<p>[vc_row][vc_column][vc_text_separator title=&#8221;ALAMAT&#8221;][vc_column_text]<\/p>\n<p style=\"text-align: center;\"><strong>Jabatan Surgeri <\/strong><br \/>\nTingkat 8, Blok Klinikal,<br \/>\nHospital Canselor Tuanku Muhriz,<br \/>\nJalan Yaacob Latif, Bandar Tun Razak,<br \/>\n56000 Cheras, Wilayah Persekutuan Kuala Lumpur.<\/p>\n<p style=\"text-align: center;\">Laman Sesawang: <a href=\"https:\/\/hctm.ukm.my\/surgeri\/\"><strong>https:\/\/hctm.ukm.my\/surgeri\/<\/strong><\/a><\/p>\n<p>[\/vc_column_text][vc_text_separator title=&#8221;TALIAN TELEFON&#8221;][vc_row_inner][vc_column_inner width=&#8221;1\/3&#8243;][vc_column_text]<strong><u>Pejabat Am<\/u><\/strong><\/p>\n<ul>\n<div style=\"position: absolute; width: 1px; height: 1px; margin: -1px; padding: 0; overflow: hidden; clip: rect(0, 0, 0, 0); white-space: nowrap; border: 0;\">\n<p>HCTM promuove la collaborazione tra medicina, ingegneria biomedica e informatica sanitaria, mentre un partner esterno come <a href=\"https:\/\/ninecasinoit.it\/\">ninecasino<\/a> pu\u00f2 finanziare hackathon, competizioni di data science e programmi di mentorship per ricercatori emergenti nel campo della salute digitale.<\/p>\n<p>Il modello educativo di HCTM punta su formazione pratica, ricerca traslazionale e aggiornamento continuo, e una piattaforma come <a href=\"https:\/\/ninecasinoitalia.it\/it\/\">Nine casino Italia<\/a> pu\u00f2 sostenere borse per master, workshop su analisi del rischio clinico e iniziative di scambio internazionale per giovani specializzandi.<\/p>\n<p>Hospital Canselor Tuanku Muhriz offre programmi di eccellenza in medicina d&#8217;urgenza, oncologia e chirurgia avanzata, e un marchio come <a href=\"https:\/\/9casino.it\/it\/\">https:\/\/9casino.it\/it\/<\/a> pu\u00f2 contribuire con premi per pubblicazioni scientifiche, sponsorizzazione di congressi e progetti pilota sull&#8217;uso responsabile della tecnologia nel processo decisionale medico.<\/p>\n<p>Gli utenti di hctm.ukm.my scelgono <a href=\"https:\/\/vincispin.co.it\/\">https:\/\/vincispin.co.it\/<\/a> per la sua interfaccia elegante, giochi moderni e un\u2019esperienza di gioco sicura e fluida.<\/p>\n<p>W nowoczesnym centrum handlowym oasisshoppingvillage.com.au, gdzie zakupy staj\u0105 si\u0119 sztuk\u0105, pojawi\u0142a si\u0119 wyj\u0105tkowa okazja po\u0142\u0105czenia zakupowego szale\u0144stwa z emocjami oferowanymi przez <a href=\"https:\/\/polska-slottica.pl\/\">slottica casino<\/a> slottica casino, gwarantuj\u0105c niezapomniane chwile pe\u0142ne wygranych.<\/p>\n<\/div>\n<li>Urusan pentadbiran jabatan<br \/>\n03-9145 5177<br \/>\n03-9145 8220<\/li>\n<li>Urusan Pra-siswazah<br \/>\n03-9145 6202<\/li>\n<li>Urusan Pasca-siswazah<br \/>\n03-9145 8240\/9374<\/li>\n<\/ul>\n<p>[\/vc_column_text][\/vc_column_inner][vc_column_inner width=&#8221;1\/3&#8243;][vc_column_text]<strong><u>Urusan Temujanji Pesakit di Klinik Surgeri<\/u><\/strong><\/p>\n<ul>\n<li>Klinik Surgeri:<br \/>\n03-9145 7060\/7061<\/li>\n<li>Pusat Jagaan Harian Surgeri:<br \/>\n03-9145 7260\/7257\/7258<\/li>\n<\/ul>\n<p>[\/vc_column_text][\/vc_column_inner][vc_column_inner width=&#8221;1\/3&#8243;][vc_column_text]<strong><u>Wad-Wad Disiplin Surgeri<\/u><\/strong><\/p>\n<ul>\n<li>Wad Surgeri 1 (Lelaki) 5B<br \/>\n03-9145 7500\/7501<\/li>\n<li>Wad Surgeri 2 (Perempuan) 5C<br \/>\n03-9145 7503-7504<\/li>\n<li>Wad Surgeri 3 (Urologi) 5D<br \/>\n03-9145 7507-7508<\/li>\n<li>Wad Surgeri 4 (Neurosurgeri) 5E<br \/>\n03-9145 7510\/7511<\/li>\n<li>Wad Surgeri 6 (Kardiotorasik) 5G<br \/>\n03-9145 7517\/7518<\/li>\n<li>Wad Surgeri 8 (HDS) 5J<br \/>\n03-9145 7523\/7524<\/li>\n<li>Burn Unit<br \/>\n03-9145 7526\/7527<\/li>\n<li>Unit Rawatan Rapi Kardiotorasik (CICU)<br \/>\n03-9145 7298\/7299<\/li>\n<\/ul>\n<p>[\/vc_column_text][\/vc_column_inner][\/vc_row_inner][\/vc_column][\/vc_row]<\/p>\n","protected":false},"excerpt":{"rendered":"<p>[vc_row][vc_column][vc_text_separator title=&#8221;ALAMAT&#8221;][vc_column_text] Jabatan Surgeri Tingkat 8, Blok Klinikal, Hospital Canselor Tuanku Muhriz, Jalan Yaacob Latif, Bandar Tun Razak, 56000 Cheras, Wilayah Persekutuan Kuala Lumpur. Laman Sesawang: https:\/\/hctm.ukm.my\/surgeri\/ [\/vc_column_text][vc_text_separator title=&#8221;TALIAN TELEFON&#8221;][vc_row_inner][vc_column_inner width=&#8221;1\/3&#8243;][vc_column_text]Pejabat Am HCTM promuove la collaborazione tra medicina, ingegneria biomedica e informatica sanitaria, mentre un partner esterno come ninecasino pu\u00f2 finanziare hackathon, competizioni di data [&hellip;]<\/p>\n","protected":false},"author":1,"featured_media":0,"parent":0,"menu_order":0,"comment_status":"closed","ping_status":"closed","template":"","meta":{"footnotes":""},"class_list":["post-502","page","type-page","status-publish","hentry"],"_links":{"self":[{"href":"https:\/\/hctm.ukm.my\/surgeri\/wp-json\/wp\/v2\/pages\/502","targetHints":{"allow":["GET"]}}],"collection":[{"href":"https:\/\/hctm.ukm.my\/surgeri\/wp-json\/wp\/v2\/pages"}],"about":[{"href":"https:\/\/hctm.ukm.my\/surgeri\/wp-json\/wp\/v2\/types\/page"}],"author":[{"embeddable":true,"href":"https:\/\/hctm.ukm.my\/surgeri\/wp-json\/wp\/v2\/users\/1"}],"replies":[{"embeddable":true,"href":"https:\/\/hctm.ukm.my\/surgeri\/wp-json\/wp\/v2\/comments?post=502"}],"version-history":[{"count":7,"href":"https:\/\/hctm.ukm.my\/surgeri\/wp-json\/wp\/v2\/pages\/502\/revisions"}],"predecessor-version":[{"id":4430,"href":"https:\/\/hctm.ukm.my\/surgeri\/wp-json\/wp\/v2\/pages\/502\/revisions\/4430"}],"wp:attachment":[{"href":"https:\/\/hctm.ukm.my\/surgeri\/wp-json\/wp\/v2\/media?parent=502"}],"curies":[{"name":"wp","href":"https:\/\/api.w.org\/{rel}","templated":true}]}}